{"id":2175,"date":"2020-07-08T12:05:41","date_gmt":"2020-07-08T10:05:41","guid":{"rendered":"https:\/\/mjfashion.es\/?post_type=product&#038;p=2175"},"modified":"2020-10-22T11:38:04","modified_gmt":"2020-10-22T09:38:04","slug":"cotton-top-with-shoulder-pads","status":"publish","type":"product","link":"https:\/\/mjfashion.es\/de\/produkt\/cotton-top-with-shoulder-pads\/","title":{"rendered":"Baumwolloberteil mit Schulterpolstern"},"content":{"rendered":"<p>Farbe: Wei\u00df<br \/>\nGr\u00f6\u00dfe: Einheitsgr\u00f6\u00dfe<\/p>\n","protected":false},"excerpt":{"rendered":"<p>\u00c4rmelloses Oberteil mit Schulterpolstern und zweilagigem Stoff. Frontdruck. Sehr angenehm und frisch zu tragen.<\/p>\n","protected":false},"featured_media":2147,"comment_status":"closed","ping_status":"closed","template":"","meta":[],"_links":{"self":[{"href":"https:\/\/mjfashion.es\/de\/wp-json\/wp\/v2\/product\/2175"}],"collection":[{"href":"https:\/\/mjfashion.es\/de\/wp-json\/wp\/v2\/product"}],"about":[{"href":"https:\/\/mjfashion.es\/de\/wp-json\/wp\/v2\/types\/product"}],"replies":[{"embeddable":true,"href":"https:\/\/mjfashion.es\/de\/wp-json\/wp\/v2\/comments?post=2175"}],"wp:featuredmedia":[{"embeddable":true,"href":"https:\/\/mjfashion.es\/de\/wp-json\/wp\/v2\/media\/2147"}],"wp:attachment":[{"href":"https:\/\/mjfashion.es\/de\/wp-json\/wp\/v2\/media?parent=2175"}],"curies":[{"name":"wp","href":"https:\/\/api.w.org\/{rel}","templated":true}]}}