{"id":2176,"date":"2020-07-08T12:17:03","date_gmt":"2020-07-08T10:17:03","guid":{"rendered":"https:\/\/mjfashion.es\/?post_type=product&#038;p=2176"},"modified":"2020-10-22T11:38:07","modified_gmt":"2020-10-22T09:38:07","slug":"flower-print-long-dress","status":"publish","type":"product","link":"https:\/\/mjfashion.es\/de\/produkt\/flower-print-long-dress\/","title":{"rendered":"Langes Kleid mit Blumendruck"},"content":{"rendered":"<p>Farben: Erh\u00e4ltlich in Wei\u00df, Khaki und Schwarz<br \/>\nGr\u00f6\u00dfe: Einheitsgr\u00f6\u00dfe<br \/>\nL\u00e4nge: 135 cm<\/p>\n","protected":false},"excerpt":{"rendered":"<p>\u00c4rmelloses, langes Kleid aus Viskose mit Crossover-V-Ausschnitt, R\u00fcschen an den Schultern und einem passenden Stoffg\u00fcrtel. R\u00fcschensaum.<\/p>\n","protected":false},"featured_media":2165,"comment_status":"closed","ping_status":"closed","template":"","meta":[],"_links":{"self":[{"href":"https:\/\/mjfashion.es\/de\/wp-json\/wp\/v2\/product\/2176"}],"collection":[{"href":"https:\/\/mjfashion.es\/de\/wp-json\/wp\/v2\/product"}],"about":[{"href":"https:\/\/mjfashion.es\/de\/wp-json\/wp\/v2\/types\/product"}],"replies":[{"embeddable":true,"href":"https:\/\/mjfashion.es\/de\/wp-json\/wp\/v2\/comments?post=2176"}],"wp:featuredmedia":[{"embeddable":true,"href":"https:\/\/mjfashion.es\/de\/wp-json\/wp\/v2\/media\/2165"}],"wp:attachment":[{"href":"https:\/\/mjfashion.es\/de\/wp-json\/wp\/v2\/media?parent=2176"}],"curies":[{"name":"wp","href":"https:\/\/api.w.org\/{rel}","templated":true}]}}