{"id":242,"date":"2020-04-28T00:20:10","date_gmt":"2020-04-27T22:20:10","guid":{"rendered":"https:\/\/mjfashion.es\/?post_type=product&#038;p=242"},"modified":"2020-07-29T23:27:48","modified_gmt":"2020-07-29T21:27:48","slug":"animal-print-long-dress-black","status":"publish","type":"product","link":"https:\/\/mjfashion.es\/de\/produkt\/animal-print-long-dress-black\/","title":{"rendered":"Animal Print Langes Kleid"},"content":{"rendered":"<p>Farbe schwarz<br \/>\nGr\u00f6\u00dfe: Einheitsgr\u00f6\u00dfe<\/p>\n","protected":false},"excerpt":{"rendered":"<p>Flie\u00dfendes langes Kleid mit Rundhalsausschnitt und Tiermotiv in Schwarz. Lange \u00c4rmel mit elastischen B\u00fcndchen. Knopfverschluss vorne. Niedrige N\u00e4hte Detail. Die elastische Taille erm\u00f6glicht ein Match mit einem modischen G\u00fcrtel. Einheitsgr\u00f6\u00dfe passt f\u00fcr Frauen der Gr\u00f6\u00dfen S, M und L (Gr\u00f6\u00dfen 36, 38, 40, 42).<\/p>\n","protected":false},"featured_media":1145,"comment_status":"open","ping_status":"closed","template":"","meta":[],"_links":{"self":[{"href":"https:\/\/mjfashion.es\/de\/wp-json\/wp\/v2\/product\/242"}],"collection":[{"href":"https:\/\/mjfashion.es\/de\/wp-json\/wp\/v2\/product"}],"about":[{"href":"https:\/\/mjfashion.es\/de\/wp-json\/wp\/v2\/types\/product"}],"replies":[{"embeddable":true,"href":"https:\/\/mjfashion.es\/de\/wp-json\/wp\/v2\/comments?post=242"}],"wp:featuredmedia":[{"embeddable":true,"href":"https:\/\/mjfashion.es\/de\/wp-json\/wp\/v2\/media\/1145"}],"wp:attachment":[{"href":"https:\/\/mjfashion.es\/de\/wp-json\/wp\/v2\/media?parent=242"}],"curies":[{"name":"wp","href":"https:\/\/api.w.org\/{rel}","templated":true}]}}