{"id":284,"date":"2020-04-28T16:21:37","date_gmt":"2020-04-28T14:21:37","guid":{"rendered":"https:\/\/mjfashion.es\/?post_type=product&#038;p=284"},"modified":"2020-09-12T09:40:58","modified_gmt":"2020-09-12T07:40:58","slug":"parsley-print-long-dress","status":"publish","type":"product","link":"https:\/\/mjfashion.es\/de\/produkt\/parsley-print-long-dress\/","title":{"rendered":"Langes Kleid mit Parsley-Druck"},"content":{"rendered":"<p>Farbe: Zusammensetzung aus Schwarz, Braun und hellem Korallenrosa<br \/>\nGr\u00f6\u00dfe: Einheitsgr\u00f6\u00dfe<\/p>\n","protected":false},"excerpt":{"rendered":"<p>Langes Kleid mit Parsley-Druck und einer Farbkombination aus Schwarz, Braun und Korallenrosa. Runder Ausschnitt mit Knopfleiste vorne. Lange \u00c4rmel mit elastischen B\u00fcndchen. R\u00fcschensaum. Die elastische Taille erm\u00f6glicht das Match mit einem modischen G\u00fcrtel. Einheitsgr\u00f6\u00dfe passt f\u00fcr Frauen der Gr\u00f6\u00dfen S, M und L (Gr\u00f6\u00dfen 36, 38, 40, 42).<\/p>\n","protected":false},"featured_media":270,"comment_status":"open","ping_status":"closed","template":"","meta":[],"_links":{"self":[{"href":"https:\/\/mjfashion.es\/de\/wp-json\/wp\/v2\/product\/284"}],"collection":[{"href":"https:\/\/mjfashion.es\/de\/wp-json\/wp\/v2\/product"}],"about":[{"href":"https:\/\/mjfashion.es\/de\/wp-json\/wp\/v2\/types\/product"}],"replies":[{"embeddable":true,"href":"https:\/\/mjfashion.es\/de\/wp-json\/wp\/v2\/comments?post=284"}],"wp:featuredmedia":[{"embeddable":true,"href":"https:\/\/mjfashion.es\/de\/wp-json\/wp\/v2\/media\/270"}],"wp:attachment":[{"href":"https:\/\/mjfashion.es\/de\/wp-json\/wp\/v2\/media?parent=284"}],"curies":[{"name":"wp","href":"https:\/\/api.w.org\/{rel}","templated":true}]}}