{"id":285,"date":"2020-04-28T16:40:09","date_gmt":"2020-04-28T14:40:09","guid":{"rendered":"https:\/\/mjfashion.es\/?post_type=product&#038;p=285"},"modified":"2020-04-28T17:42:56","modified_gmt":"2020-04-28T15:42:56","slug":"loose-fitting-mini-dress","status":"publish","type":"product","link":"https:\/\/mjfashion.es\/de\/produkt\/loose-fitting-mini-dress\/","title":{"rendered":"Locker sitzendes Minikleid"},"content":{"rendered":"<p>Farben: Erh\u00e4ltlich in Rot, Faded-Denim, Silber-Gr\u00fcn und Schwarz<br \/>\nGr\u00f6\u00dfe: Einheitsgr\u00f6\u00dfe<\/p>\n","protected":false},"excerpt":{"rendered":"<p>Locker sitzendes Minikleid mit Blumendruck, hohem Kragen, Mini-V-Ausschnitt, gebundenem Detail und langen \u00c4rmeln mit elastischem Besatz. R\u00fcschensaum. Einheitsgr\u00f6\u00dfe passt f\u00fcr Frauen der Gr\u00f6\u00dfen S, M, L und XL (Gr\u00f6\u00dfen 36, 38, 40, 42, 44).<\/p>\n","protected":false},"featured_media":276,"comment_status":"open","ping_status":"closed","template":"","meta":[],"_links":{"self":[{"href":"https:\/\/mjfashion.es\/de\/wp-json\/wp\/v2\/product\/285"}],"collection":[{"href":"https:\/\/mjfashion.es\/de\/wp-json\/wp\/v2\/product"}],"about":[{"href":"https:\/\/mjfashion.es\/de\/wp-json\/wp\/v2\/types\/product"}],"replies":[{"embeddable":true,"href":"https:\/\/mjfashion.es\/de\/wp-json\/wp\/v2\/comments?post=285"}],"wp:featuredmedia":[{"embeddable":true,"href":"https:\/\/mjfashion.es\/de\/wp-json\/wp\/v2\/media\/276"}],"wp:attachment":[{"href":"https:\/\/mjfashion.es\/de\/wp-json\/wp\/v2\/media?parent=285"}],"curies":[{"name":"wp","href":"https:\/\/api.w.org\/{rel}","templated":true}]}}