{"id":290,"date":"2020-04-28T16:46:30","date_gmt":"2020-04-28T14:46:30","guid":{"rendered":"https:\/\/mjfashion.es\/?post_type=product&#038;p=290"},"modified":"2020-06-28T17:50:03","modified_gmt":"2020-06-28T15:50:03","slug":"hug-me-black-dress","status":"publish","type":"product","link":"https:\/\/mjfashion.es\/de\/produkt\/hug-me-black-dress\/","title":{"rendered":"Schwarzes Wickelkleid"},"content":{"rendered":"<p>Farbe schwarz<br \/>\nGr\u00f6\u00dfe: Einheitsgr\u00f6\u00dfe<\/p>\n","protected":false},"excerpt":{"rendered":"<p>Kurzes Wickelkleid mit Blumenmuster. Bindeg\u00fcrtel aus demselben Stoff mit gekreuzter Doppelring-Metallschnalle vorn und Schleife hinten. Midi-\u00c4rmel mit R\u00fcschenbesatz.<\/p>\n","protected":false},"featured_media":283,"comment_status":"open","ping_status":"closed","template":"","meta":[],"_links":{"self":[{"href":"https:\/\/mjfashion.es\/de\/wp-json\/wp\/v2\/product\/290"}],"collection":[{"href":"https:\/\/mjfashion.es\/de\/wp-json\/wp\/v2\/product"}],"about":[{"href":"https:\/\/mjfashion.es\/de\/wp-json\/wp\/v2\/types\/product"}],"replies":[{"embeddable":true,"href":"https:\/\/mjfashion.es\/de\/wp-json\/wp\/v2\/comments?post=290"}],"wp:featuredmedia":[{"embeddable":true,"href":"https:\/\/mjfashion.es\/de\/wp-json\/wp\/v2\/media\/283"}],"wp:attachment":[{"href":"https:\/\/mjfashion.es\/de\/wp-json\/wp\/v2\/media?parent=290"}],"curies":[{"name":"wp","href":"https:\/\/api.w.org\/{rel}","templated":true}]}}