{"id":291,"date":"2020-04-28T16:57:07","date_gmt":"2020-04-28T14:57:07","guid":{"rendered":"https:\/\/mjfashion.es\/?post_type=product&#038;p=291"},"modified":"2020-05-08T01:55:03","modified_gmt":"2020-05-07T23:55:03","slug":"transparent-short-dress","status":"publish","type":"product","link":"https:\/\/mjfashion.es\/de\/produkt\/transparent-short-dress\/","title":{"rendered":"Transparentes kurzes Kleid"},"content":{"rendered":"<p>Farbe: Schwarz, Khaki und Rot<br \/>\nGr\u00f6\u00dfe: Einheitsgr\u00f6\u00dfe<\/p>\n","protected":false},"excerpt":{"rendered":"<p>Transparentes kurzes Kleid mit Blumendruck in Schwarz, Khaki oder Rot. Runder Ausschnitt, lange \u00c4rmel mit elastischen B\u00fcndchen. Elastische Taille. R\u00fcschenbesatz. Innenfutter.<\/p>\n","protected":false},"featured_media":292,"comment_status":"open","ping_status":"closed","template":"","meta":[],"_links":{"self":[{"href":"https:\/\/mjfashion.es\/de\/wp-json\/wp\/v2\/product\/291"}],"collection":[{"href":"https:\/\/mjfashion.es\/de\/wp-json\/wp\/v2\/product"}],"about":[{"href":"https:\/\/mjfashion.es\/de\/wp-json\/wp\/v2\/types\/product"}],"replies":[{"embeddable":true,"href":"https:\/\/mjfashion.es\/de\/wp-json\/wp\/v2\/comments?post=291"}],"wp:featuredmedia":[{"embeddable":true,"href":"https:\/\/mjfashion.es\/de\/wp-json\/wp\/v2\/media\/292"}],"wp:attachment":[{"href":"https:\/\/mjfashion.es\/de\/wp-json\/wp\/v2\/media?parent=291"}],"curies":[{"name":"wp","href":"https:\/\/api.w.org\/{rel}","templated":true}]}}