{"id":295,"date":"2020-04-28T17:25:17","date_gmt":"2020-04-28T15:25:17","guid":{"rendered":"https:\/\/mjfashion.es\/?post_type=product&#038;p=295"},"modified":"2020-06-22T18:48:27","modified_gmt":"2020-06-22T16:48:27","slug":"floral-print-mini-transparent-dress","status":"publish","type":"product","link":"https:\/\/mjfashion.es\/de\/produkt\/floral-print-mini-transparent-dress\/","title":{"rendered":"Blumendruck Mini transparentes Kleid"},"content":{"rendered":"<p>Farbe: Erh\u00e4ltlich in Hellbiskaya Gr\u00fcn und Schwarz<br \/>\nGr\u00f6\u00dfe: Einheitsgr\u00f6\u00dfe<\/p>\n","protected":false},"excerpt":{"rendered":"<p>Blumendrucktes transparentes Minikleid mit vertikalen goldenen F\u00e4den. Runder Ausschnitt und lange, geschwungene \u00c4rmel. Hohe plissierte Taille. Licht Viskose Innenraum.<\/p>\n","protected":false},"featured_media":296,"comment_status":"open","ping_status":"closed","template":"","meta":[],"_links":{"self":[{"href":"https:\/\/mjfashion.es\/de\/wp-json\/wp\/v2\/product\/295"}],"collection":[{"href":"https:\/\/mjfashion.es\/de\/wp-json\/wp\/v2\/product"}],"about":[{"href":"https:\/\/mjfashion.es\/de\/wp-json\/wp\/v2\/types\/product"}],"replies":[{"embeddable":true,"href":"https:\/\/mjfashion.es\/de\/wp-json\/wp\/v2\/comments?post=295"}],"wp:featuredmedia":[{"embeddable":true,"href":"https:\/\/mjfashion.es\/de\/wp-json\/wp\/v2\/media\/296"}],"wp:attachment":[{"href":"https:\/\/mjfashion.es\/de\/wp-json\/wp\/v2\/media?parent=295"}],"curies":[{"name":"wp","href":"https:\/\/api.w.org\/{rel}","templated":true}]}}