{"id":321,"date":"2020-04-28T19:21:58","date_gmt":"2020-04-28T17:21:58","guid":{"rendered":"https:\/\/mjfashion.es\/?post_type=product&#038;p=321"},"modified":"2020-04-30T14:40:02","modified_gmt":"2020-04-30T12:40:02","slug":"floral-printed-dress","status":"publish","type":"product","link":"https:\/\/mjfashion.es\/de\/produkt\/floral-printed-dress\/","title":{"rendered":"Bedrucktes Kleid mit Blumenmuster"},"content":{"rendered":"<p>Farbe: Erh\u00e4ltlich in Korallenrosa und Blue<br \/>\nGr\u00f6\u00dfe: S \/ M \/ L<\/p>\n","protected":false},"excerpt":{"rendered":"<p>Kleid mit Crossover-V-Ausschnitt, langen \u00c4rmeln und gekr\u00e4useltem elastischem Besatz. Breite elastische Taille und gekr\u00e4uselter Saum.<\/p>\n","protected":false},"featured_media":319,"comment_status":"open","ping_status":"closed","template":"","meta":[],"_links":{"self":[{"href":"https:\/\/mjfashion.es\/de\/wp-json\/wp\/v2\/product\/321"}],"collection":[{"href":"https:\/\/mjfashion.es\/de\/wp-json\/wp\/v2\/product"}],"about":[{"href":"https:\/\/mjfashion.es\/de\/wp-json\/wp\/v2\/types\/product"}],"replies":[{"embeddable":true,"href":"https:\/\/mjfashion.es\/de\/wp-json\/wp\/v2\/comments?post=321"}],"wp:featuredmedia":[{"embeddable":true,"href":"https:\/\/mjfashion.es\/de\/wp-json\/wp\/v2\/media\/319"}],"wp:attachment":[{"href":"https:\/\/mjfashion.es\/de\/wp-json\/wp\/v2\/media?parent=321"}],"curies":[{"name":"wp","href":"https:\/\/api.w.org\/{rel}","templated":true}]}}