{"id":328,"date":"2020-04-30T15:16:02","date_gmt":"2020-04-30T13:16:02","guid":{"rendered":"https:\/\/mjfashion.es\/?post_type=product&#038;p=328"},"modified":"2020-08-15T17:58:06","modified_gmt":"2020-08-15T15:58:06","slug":"white-flower-dress","status":"publish","type":"product","link":"https:\/\/mjfashion.es\/de\/produkt\/white-flower-dress\/","title":{"rendered":"Kleid mit wei\u00dfen Blumen"},"content":{"rendered":"<p>Farbe: Erh\u00e4ltlich in Safran, Gr\u00fcn, Schwarz, Maulbeerpurpur<br \/>\nGr\u00f6\u00dfe: Einheitsgr\u00f6\u00dfe<\/p>\n","protected":false},"excerpt":{"rendered":"<p>Kurzes Kleid mit Crossover-V-Ausschnitt, langen \u00c4rmeln und elastischen B\u00fcndchen. Binde-G\u00fcrtel aus dem gleichen Stoff. R\u00fcschensaum.<\/p>\n","protected":false},"featured_media":330,"comment_status":"open","ping_status":"closed","template":"","meta":[],"_links":{"self":[{"href":"https:\/\/mjfashion.es\/de\/wp-json\/wp\/v2\/product\/328"}],"collection":[{"href":"https:\/\/mjfashion.es\/de\/wp-json\/wp\/v2\/product"}],"about":[{"href":"https:\/\/mjfashion.es\/de\/wp-json\/wp\/v2\/types\/product"}],"replies":[{"embeddable":true,"href":"https:\/\/mjfashion.es\/de\/wp-json\/wp\/v2\/comments?post=328"}],"wp:featuredmedia":[{"embeddable":true,"href":"https:\/\/mjfashion.es\/de\/wp-json\/wp\/v2\/media\/330"}],"wp:attachment":[{"href":"https:\/\/mjfashion.es\/de\/wp-json\/wp\/v2\/media?parent=328"}],"curies":[{"name":"wp","href":"https:\/\/api.w.org\/{rel}","templated":true}]}}