{"id":355,"date":"2020-04-30T17:32:40","date_gmt":"2020-04-30T15:32:40","guid":{"rendered":"https:\/\/mjfashion.es\/?post_type=product&#038;p=355"},"modified":"2020-09-12T09:40:58","modified_gmt":"2020-09-12T07:40:58","slug":"voluminous-long-dress","status":"publish","type":"product","link":"https:\/\/mjfashion.es\/de\/produkt\/voluminous-long-dress\/","title":{"rendered":"Volumin\u00f6ses langes Kleid"},"content":{"rendered":"<p>Farbe schwarz<br \/>\nGr\u00f6\u00dfe: Einheitsgr\u00f6\u00dfe<\/p>\n","protected":false},"excerpt":{"rendered":"<p>Volumin\u00f6ses langes Kleid mit Blumendruck, lange Puff\u00e4rmel mit elastischer Oberfl\u00e4che. Knopf\u00f6ffnung hinten.<\/p>\n","protected":false},"featured_media":1048,"comment_status":"open","ping_status":"closed","template":"","meta":[],"_links":{"self":[{"href":"https:\/\/mjfashion.es\/de\/wp-json\/wp\/v2\/product\/355"}],"collection":[{"href":"https:\/\/mjfashion.es\/de\/wp-json\/wp\/v2\/product"}],"about":[{"href":"https:\/\/mjfashion.es\/de\/wp-json\/wp\/v2\/types\/product"}],"replies":[{"embeddable":true,"href":"https:\/\/mjfashion.es\/de\/wp-json\/wp\/v2\/comments?post=355"}],"wp:featuredmedia":[{"embeddable":true,"href":"https:\/\/mjfashion.es\/de\/wp-json\/wp\/v2\/media\/1048"}],"wp:attachment":[{"href":"https:\/\/mjfashion.es\/de\/wp-json\/wp\/v2\/media?parent=355"}],"curies":[{"name":"wp","href":"https:\/\/api.w.org\/{rel}","templated":true}]}}