{"id":359,"date":"2020-04-30T17:54:36","date_gmt":"2020-04-30T15:54:36","guid":{"rendered":"https:\/\/mjfashion.es\/?post_type=product&#038;p=359"},"modified":"2020-06-28T18:53:43","modified_gmt":"2020-06-28T16:53:43","slug":"heart-print-satin-dress","status":"publish","type":"product","link":"https:\/\/mjfashion.es\/de\/produkt\/heart-print-satin-dress\/","title":{"rendered":"Satin-Kleid mit Herzdruck"},"content":{"rendered":"<p>Farbe: Erh\u00e4ltlich in Gr\u00fcn und Schwarz<br \/>\nGr\u00f6\u00dfe: Einheitsgr\u00f6\u00dfe<\/p>\n","protected":false},"excerpt":{"rendered":"<p>Satin kurzes Kleid mit modischen Herzdrucken. Crossover-V-Ausschnitt und lange \u00c4rmel mit elastischen B\u00fcndchen. Elastische Taille. R\u00fcschenbes\u00e4tze.<\/p>\n","protected":false},"featured_media":368,"comment_status":"open","ping_status":"closed","template":"","meta":[],"_links":{"self":[{"href":"https:\/\/mjfashion.es\/de\/wp-json\/wp\/v2\/product\/359"}],"collection":[{"href":"https:\/\/mjfashion.es\/de\/wp-json\/wp\/v2\/product"}],"about":[{"href":"https:\/\/mjfashion.es\/de\/wp-json\/wp\/v2\/types\/product"}],"replies":[{"embeddable":true,"href":"https:\/\/mjfashion.es\/de\/wp-json\/wp\/v2\/comments?post=359"}],"wp:featuredmedia":[{"embeddable":true,"href":"https:\/\/mjfashion.es\/de\/wp-json\/wp\/v2\/media\/368"}],"wp:attachment":[{"href":"https:\/\/mjfashion.es\/de\/wp-json\/wp\/v2\/media?parent=359"}],"curies":[{"name":"wp","href":"https:\/\/api.w.org\/{rel}","templated":true}]}}