{"id":371,"date":"2020-05-01T14:00:55","date_gmt":"2020-05-01T12:00:55","guid":{"rendered":"https:\/\/mjfashion.es\/?post_type=product&#038;p=371"},"modified":"2020-07-22T17:20:29","modified_gmt":"2020-07-22T15:20:29","slug":"tulip-short-dress","status":"publish","type":"product","link":"https:\/\/mjfashion.es\/de\/produkt\/tulip-short-dress\/","title":{"rendered":"Tulpe kurzes Kleid"},"content":{"rendered":"<p>Farbe: Erh\u00e4ltlich in Korallenrosa, Gr\u00fcn, Beige und Schwarz<br \/>\nGr\u00f6\u00dfe: Einheitsgr\u00f6\u00dfe<\/p>\n","protected":false},"excerpt":{"rendered":"<p>Kurzes Tulpenkleid mit V-Ausschnitt und vollen \u00c4rmeln, die unter den Ellbogen fallen. Doppel gekreuzter Ringschnalleng\u00fcrtel in beige Farbe enthalten. Seitentaschen in der Naht.<\/p>\n","protected":false},"featured_media":362,"comment_status":"open","ping_status":"closed","template":"","meta":[],"_links":{"self":[{"href":"https:\/\/mjfashion.es\/de\/wp-json\/wp\/v2\/product\/371"}],"collection":[{"href":"https:\/\/mjfashion.es\/de\/wp-json\/wp\/v2\/product"}],"about":[{"href":"https:\/\/mjfashion.es\/de\/wp-json\/wp\/v2\/types\/product"}],"replies":[{"embeddable":true,"href":"https:\/\/mjfashion.es\/de\/wp-json\/wp\/v2\/comments?post=371"}],"wp:featuredmedia":[{"embeddable":true,"href":"https:\/\/mjfashion.es\/de\/wp-json\/wp\/v2\/media\/362"}],"wp:attachment":[{"href":"https:\/\/mjfashion.es\/de\/wp-json\/wp\/v2\/media?parent=371"}],"curies":[{"name":"wp","href":"https:\/\/api.w.org\/{rel}","templated":true}]}}