{"id":378,"date":"2020-05-01T14:31:27","date_gmt":"2020-05-01T12:31:27","guid":{"rendered":"https:\/\/mjfashion.es\/?post_type=product&#038;p=378"},"modified":"2020-08-22T15:58:06","modified_gmt":"2020-08-22T13:58:06","slug":"bipattern-pleated-dress","status":"publish","type":"product","link":"https:\/\/mjfashion.es\/de\/produkt\/bipattern-pleated-dress\/","title":{"rendered":"Bipattern Plisseekleid"},"content":{"rendered":"<p>Farbe: Erh\u00e4ltlich in Braun und Gr\u00fcn<br \/>\nGr\u00f6\u00dfe: Einheitsgr\u00f6\u00dfe<\/p>\n","protected":false},"excerpt":{"rendered":"<p>Kurzes Kleid mit zwei verschiedenen Mustern, V-Ausschnitt, langen \u00c4rmeln mit elastischer Oberfl\u00e4che. Locker gefaltetes Faltenfallen \u00fcber der Brust. Durch die Kombination der farbenfrohen Tupfen, des Blumendrucks und des komfortablen und modischen Designs dieses Modells f\u00fchlen Sie sich \u00fcberall einzigartig und sicher.<\/p>\n","protected":false},"featured_media":379,"comment_status":"open","ping_status":"closed","template":"","meta":[],"_links":{"self":[{"href":"https:\/\/mjfashion.es\/de\/wp-json\/wp\/v2\/product\/378"}],"collection":[{"href":"https:\/\/mjfashion.es\/de\/wp-json\/wp\/v2\/product"}],"about":[{"href":"https:\/\/mjfashion.es\/de\/wp-json\/wp\/v2\/types\/product"}],"replies":[{"embeddable":true,"href":"https:\/\/mjfashion.es\/de\/wp-json\/wp\/v2\/comments?post=378"}],"wp:featuredmedia":[{"embeddable":true,"href":"https:\/\/mjfashion.es\/de\/wp-json\/wp\/v2\/media\/379"}],"wp:attachment":[{"href":"https:\/\/mjfashion.es\/de\/wp-json\/wp\/v2\/media?parent=378"}],"curies":[{"name":"wp","href":"https:\/\/api.w.org\/{rel}","templated":true}]}}