{"id":385,"date":"2020-05-01T14:58:59","date_gmt":"2020-05-01T12:58:59","guid":{"rendered":"https:\/\/mjfashion.es\/?post_type=product&#038;p=385"},"modified":"2020-05-01T15:08:35","modified_gmt":"2020-05-01T13:08:35","slug":"floral-print-pleated-blouse","status":"publish","type":"product","link":"https:\/\/mjfashion.es\/de\/produkt\/floral-print-pleated-blouse\/","title":{"rendered":"Faltenbluse mit Blumendruck"},"content":{"rendered":"<p>Farbe: Erh\u00e4ltlich in Biskaya-Gr\u00fcn, Wei\u00df, Korallenrosa, Nilgr\u00fcn und Schwarz<br \/>\nGr\u00f6\u00dfe: Einheitsgr\u00f6\u00dfe<\/p>\n","protected":false},"excerpt":{"rendered":"<p>Faltenbluse mit Blumendruck, offenem Rundhalsausschnitt und langen \u00c4rmeln mit elastischer Oberfl\u00e4che. Viskose Innenfutter.<\/p>\n","protected":false},"featured_media":394,"comment_status":"open","ping_status":"closed","template":"","meta":[],"_links":{"self":[{"href":"https:\/\/mjfashion.es\/de\/wp-json\/wp\/v2\/product\/385"}],"collection":[{"href":"https:\/\/mjfashion.es\/de\/wp-json\/wp\/v2\/product"}],"about":[{"href":"https:\/\/mjfashion.es\/de\/wp-json\/wp\/v2\/types\/product"}],"replies":[{"embeddable":true,"href":"https:\/\/mjfashion.es\/de\/wp-json\/wp\/v2\/comments?post=385"}],"wp:featuredmedia":[{"embeddable":true,"href":"https:\/\/mjfashion.es\/de\/wp-json\/wp\/v2\/media\/394"}],"wp:attachment":[{"href":"https:\/\/mjfashion.es\/de\/wp-json\/wp\/v2\/media?parent=385"}],"curies":[{"name":"wp","href":"https:\/\/api.w.org\/{rel}","templated":true}]}}