{"id":403,"date":"2020-05-01T15:04:29","date_gmt":"2020-05-01T13:04:29","guid":{"rendered":"https:\/\/mjfashion.es\/?post_type=product&#038;p=403"},"modified":"2020-09-12T09:40:58","modified_gmt":"2020-09-12T07:40:58","slug":"straight-neckline-print-blouse","status":"publish","type":"product","link":"https:\/\/mjfashion.es\/de\/produkt\/straight-neckline-print-blouse\/","title":{"rendered":"Bluse mit geradem Ausschnitt"},"content":{"rendered":"<p>Farbe schwarz<br \/>\nGr\u00f6\u00dfe: Einheitsgr\u00f6\u00dfe<\/p>\n","protected":false},"excerpt":{"rendered":"<p>Bedruckte Bluse mit geradem elastischem Ausschnitt und langen \u00c4rmeln mit gekr\u00e4uselten elastischen Manschetten.<\/p>\n","protected":false},"featured_media":928,"comment_status":"open","ping_status":"closed","template":"","meta":[],"_links":{"self":[{"href":"https:\/\/mjfashion.es\/de\/wp-json\/wp\/v2\/product\/403"}],"collection":[{"href":"https:\/\/mjfashion.es\/de\/wp-json\/wp\/v2\/product"}],"about":[{"href":"https:\/\/mjfashion.es\/de\/wp-json\/wp\/v2\/types\/product"}],"replies":[{"embeddable":true,"href":"https:\/\/mjfashion.es\/de\/wp-json\/wp\/v2\/comments?post=403"}],"wp:featuredmedia":[{"embeddable":true,"href":"https:\/\/mjfashion.es\/de\/wp-json\/wp\/v2\/media\/928"}],"wp:attachment":[{"href":"https:\/\/mjfashion.es\/de\/wp-json\/wp\/v2\/media?parent=403"}],"curies":[{"name":"wp","href":"https:\/\/api.w.org\/{rel}","templated":true}]}}