{"id":404,"date":"2020-05-01T15:30:06","date_gmt":"2020-05-01T13:30:06","guid":{"rendered":"https:\/\/mjfashion.es\/?post_type=product&#038;p=404"},"modified":"2020-08-12T21:33:37","modified_gmt":"2020-08-12T19:33:37","slug":"animal-print-blouse","status":"publish","type":"product","link":"https:\/\/mjfashion.es\/de\/produkt\/animal-print-blouse\/","title":{"rendered":"Animal Print Bluse"},"content":{"rendered":"<p>Farbe: Erh\u00e4ltlich in Zimt und Wei\u00df<br \/>\nGr\u00f6\u00dfe: S \/ M \/ L<\/p>\n","protected":false},"excerpt":{"rendered":"<p>Bluse mit Animal-Print, rundem Ausschnitt und langen Puff\u00e4rmeln mit breiten, elastischen B\u00fcndchen. Doppelknopf-R\u00fcckverschluss.<\/p>\n","protected":false},"featured_media":932,"comment_status":"open","ping_status":"closed","template":"","meta":[],"_links":{"self":[{"href":"https:\/\/mjfashion.es\/de\/wp-json\/wp\/v2\/product\/404"}],"collection":[{"href":"https:\/\/mjfashion.es\/de\/wp-json\/wp\/v2\/product"}],"about":[{"href":"https:\/\/mjfashion.es\/de\/wp-json\/wp\/v2\/types\/product"}],"replies":[{"embeddable":true,"href":"https:\/\/mjfashion.es\/de\/wp-json\/wp\/v2\/comments?post=404"}],"wp:featuredmedia":[{"embeddable":true,"href":"https:\/\/mjfashion.es\/de\/wp-json\/wp\/v2\/media\/932"}],"wp:attachment":[{"href":"https:\/\/mjfashion.es\/de\/wp-json\/wp\/v2\/media?parent=404"}],"curies":[{"name":"wp","href":"https:\/\/api.w.org\/{rel}","templated":true}]}}