{"id":415,"date":"2020-05-01T15:59:26","date_gmt":"2020-05-01T13:59:26","guid":{"rendered":"https:\/\/mjfashion.es\/?post_type=product&#038;p=415"},"modified":"2020-05-01T15:59:26","modified_gmt":"2020-05-01T13:59:26","slug":"flower-print-blouse","status":"publish","type":"product","link":"https:\/\/mjfashion.es\/de\/produkt\/flower-print-blouse\/","title":{"rendered":"Bluse mit Blumendruck"},"content":{"rendered":"<p>Farben: Erh\u00e4ltlich in Blau und Korallenrosa<br \/>\nGr\u00f6\u00dfe: S \/ M \/ L<\/p>\n","protected":false},"excerpt":{"rendered":"<p>Bluse mit Blumendruck mit V-Ausschnitt vorne und hinten, Detail hinten gebunden. Die R\u00fcschenbes\u00e4tze, die den Ausschnitt mit den langen \u00c4rmeln verbinden, sorgen f\u00fcr einen romantischen Look. Elastische Taille.<\/p>\n","protected":false},"featured_media":422,"comment_status":"open","ping_status":"closed","template":"","meta":[],"_links":{"self":[{"href":"https:\/\/mjfashion.es\/de\/wp-json\/wp\/v2\/product\/415"}],"collection":[{"href":"https:\/\/mjfashion.es\/de\/wp-json\/wp\/v2\/product"}],"about":[{"href":"https:\/\/mjfashion.es\/de\/wp-json\/wp\/v2\/types\/product"}],"replies":[{"embeddable":true,"href":"https:\/\/mjfashion.es\/de\/wp-json\/wp\/v2\/comments?post=415"}],"wp:featuredmedia":[{"embeddable":true,"href":"https:\/\/mjfashion.es\/de\/wp-json\/wp\/v2\/media\/422"}],"wp:attachment":[{"href":"https:\/\/mjfashion.es\/de\/wp-json\/wp\/v2\/media?parent=415"}],"curies":[{"name":"wp","href":"https:\/\/api.w.org\/{rel}","templated":true}]}}