{"id":426,"date":"2020-05-02T12:48:18","date_gmt":"2020-05-02T10:48:18","guid":{"rendered":"https:\/\/mjfashion.es\/?post_type=product&#038;p=426"},"modified":"2020-06-28T18:22:05","modified_gmt":"2020-06-28T16:22:05","slug":"top-with-organza-puff-sleeves","status":"publish","type":"product","link":"https:\/\/mjfashion.es\/de\/produkt\/top-with-organza-puff-sleeves\/","title":{"rendered":"Top mit Organza Puff \u00c4rmeln"},"content":{"rendered":"<p>Farbe: Avaialbale in Schwarz und Wei\u00df<br \/>\nGr\u00f6\u00dfe: Einheitsgr\u00f6\u00dfe<\/p>\n","protected":false},"excerpt":{"rendered":"<p>Rundhals-Oberteil mit langen Organza-Puff\u00e4rmeln und kontrastierenden elastischen Manschetten. Dieses Modell ist ein Top-Frieden f\u00fcr diese Saison, wird aber auch ein Protagonist in den Herbst-Winter-Kollektionen von 2020\/2021 sein.<\/p>\n","protected":false},"featured_media":428,"comment_status":"open","ping_status":"closed","template":"","meta":[],"_links":{"self":[{"href":"https:\/\/mjfashion.es\/de\/wp-json\/wp\/v2\/product\/426"}],"collection":[{"href":"https:\/\/mjfashion.es\/de\/wp-json\/wp\/v2\/product"}],"about":[{"href":"https:\/\/mjfashion.es\/de\/wp-json\/wp\/v2\/types\/product"}],"replies":[{"embeddable":true,"href":"https:\/\/mjfashion.es\/de\/wp-json\/wp\/v2\/comments?post=426"}],"wp:featuredmedia":[{"embeddable":true,"href":"https:\/\/mjfashion.es\/de\/wp-json\/wp\/v2\/media\/428"}],"wp:attachment":[{"href":"https:\/\/mjfashion.es\/de\/wp-json\/wp\/v2\/media?parent=426"}],"curies":[{"name":"wp","href":"https:\/\/api.w.org\/{rel}","templated":true}]}}