{"id":443,"date":"2020-05-02T16:10:23","date_gmt":"2020-05-02T14:10:23","guid":{"rendered":"https:\/\/mjfashion.es\/?post_type=product&#038;p=443"},"modified":"2020-07-18T15:42:40","modified_gmt":"2020-07-18T13:42:40","slug":"loose-fitting-blouse","status":"publish","type":"product","link":"https:\/\/mjfashion.es\/de\/produkt\/loose-fitting-blouse\/","title":{"rendered":"Locker sitzende Bluse"},"content":{"rendered":"<p>Farbe: Erh\u00e4ltlich in Safran, Schwarz und Wei\u00df<br \/>\nGr\u00f6\u00dfe: Einheitsgr\u00f6\u00dfe<\/p>\n","protected":false},"excerpt":{"rendered":"<p>Locker sitzende Bluse mit Rundhalsausschnitt und Ballon\u00e4rmeln mit Manschette, die unter den Ellbogen fallen.<br \/>\nEine super bequeme, elegante und einfach zu kombinierende Bluse.<\/p>\n","protected":false},"featured_media":442,"comment_status":"open","ping_status":"closed","template":"","meta":[],"_links":{"self":[{"href":"https:\/\/mjfashion.es\/de\/wp-json\/wp\/v2\/product\/443"}],"collection":[{"href":"https:\/\/mjfashion.es\/de\/wp-json\/wp\/v2\/product"}],"about":[{"href":"https:\/\/mjfashion.es\/de\/wp-json\/wp\/v2\/types\/product"}],"replies":[{"embeddable":true,"href":"https:\/\/mjfashion.es\/de\/wp-json\/wp\/v2\/comments?post=443"}],"wp:featuredmedia":[{"embeddable":true,"href":"https:\/\/mjfashion.es\/de\/wp-json\/wp\/v2\/media\/442"}],"wp:attachment":[{"href":"https:\/\/mjfashion.es\/de\/wp-json\/wp\/v2\/media?parent=443"}],"curies":[{"name":"wp","href":"https:\/\/api.w.org\/{rel}","templated":true}]}}