{"id":455,"date":"2020-05-02T16:58:43","date_gmt":"2020-05-02T14:58:43","guid":{"rendered":"https:\/\/mjfashion.es\/?post_type=product&#038;p=455"},"modified":"2020-06-28T20:42:49","modified_gmt":"2020-06-28T18:42:49","slug":"loose-fitting-ruffle-blouse","status":"publish","type":"product","link":"https:\/\/mjfashion.es\/de\/produkt\/loose-fitting-ruffle-blouse\/","title":{"rendered":"Locker sitzende R\u00fcschenbluse"},"content":{"rendered":"<p>Farbe: Erh\u00e4ltlich in Korallenrosa, Beige, Gr\u00fcn und Wei\u00df<br \/>\nGr\u00f6\u00dfe: Einheitsgr\u00f6\u00dfe<\/p>\n","protected":false},"excerpt":{"rendered":"<p>Locker sitzende Rundhalsbluse mit gekr\u00e4uselten \u00c4rmeln, die unter den Ellbogen fallen. Die gekr\u00e4uselten \u00c4rmelbes\u00e4tze machen das Modell raffiniert und sehr modisch. Das erg\u00e4nzende Zubeh\u00f6r auf den Fotos ist nicht enthalten und wird separat angeboten.<\/p>\n","protected":false},"featured_media":452,"comment_status":"open","ping_status":"closed","template":"","meta":[],"_links":{"self":[{"href":"https:\/\/mjfashion.es\/de\/wp-json\/wp\/v2\/product\/455"}],"collection":[{"href":"https:\/\/mjfashion.es\/de\/wp-json\/wp\/v2\/product"}],"about":[{"href":"https:\/\/mjfashion.es\/de\/wp-json\/wp\/v2\/types\/product"}],"replies":[{"embeddable":true,"href":"https:\/\/mjfashion.es\/de\/wp-json\/wp\/v2\/comments?post=455"}],"wp:featuredmedia":[{"embeddable":true,"href":"https:\/\/mjfashion.es\/de\/wp-json\/wp\/v2\/media\/452"}],"wp:attachment":[{"href":"https:\/\/mjfashion.es\/de\/wp-json\/wp\/v2\/media?parent=455"}],"curies":[{"name":"wp","href":"https:\/\/api.w.org\/{rel}","templated":true}]}}