{"id":460,"date":"2020-05-02T17:47:53","date_gmt":"2020-05-02T15:47:53","guid":{"rendered":"https:\/\/mjfashion.es\/?post_type=product&#038;p=460"},"modified":"2020-05-02T17:56:53","modified_gmt":"2020-05-02T15:56:53","slug":"puff-sleeves-blouse","status":"publish","type":"product","link":"https:\/\/mjfashion.es\/de\/produkt\/puff-sleeves-blouse\/","title":{"rendered":"Bluse mit Puff\u00e4rmeln"},"content":{"rendered":"<p>Farbe (Gr\u00f6\u00dfe): Erh\u00e4ltlich in Schwarz (Gr\u00f6\u00dfe L) und Wei\u00df (Gr\u00f6\u00dfe M)<\/p>\n","protected":false},"excerpt":{"rendered":"<p>Locker geschnittene Bluse mit rundem Ausschnitt und Bindedetail. Gefallene schulterlange \u00c4rmel mit elastischem Ende.<\/p>\n","protected":false},"featured_media":467,"comment_status":"open","ping_status":"closed","template":"","meta":[],"_links":{"self":[{"href":"https:\/\/mjfashion.es\/de\/wp-json\/wp\/v2\/product\/460"}],"collection":[{"href":"https:\/\/mjfashion.es\/de\/wp-json\/wp\/v2\/product"}],"about":[{"href":"https:\/\/mjfashion.es\/de\/wp-json\/wp\/v2\/types\/product"}],"replies":[{"embeddable":true,"href":"https:\/\/mjfashion.es\/de\/wp-json\/wp\/v2\/comments?post=460"}],"wp:featuredmedia":[{"embeddable":true,"href":"https:\/\/mjfashion.es\/de\/wp-json\/wp\/v2\/media\/467"}],"wp:attachment":[{"href":"https:\/\/mjfashion.es\/de\/wp-json\/wp\/v2\/media?parent=460"}],"curies":[{"name":"wp","href":"https:\/\/api.w.org\/{rel}","templated":true}]}}