{"id":470,"date":"2020-05-02T18:08:36","date_gmt":"2020-05-02T16:08:36","guid":{"rendered":"https:\/\/mjfashion.es\/?post_type=product&#038;p=470"},"modified":"2020-08-01T16:55:34","modified_gmt":"2020-08-01T14:55:34","slug":"printed-blouse","status":"publish","type":"product","link":"https:\/\/mjfashion.es\/de\/produkt\/printed-blouse\/","title":{"rendered":"Bedruckte Bluse"},"content":{"rendered":"<p>Farbe: Erh\u00e4ltlich in Schwarz und Denim-Blau<br \/>\nGr\u00f6\u00dfe: Einheitsgr\u00f6\u00dfe<\/p>\n","protected":false},"excerpt":{"rendered":"<p>Bluse mit Blumendruck mit rundem Ausschnitt, \u00d6ffnung vorne und langen \u00c4rmeln, die mit einem elastischen Besatz endet. Breite elastische Taille.<\/p>\n","protected":false},"featured_media":473,"comment_status":"open","ping_status":"closed","template":"","meta":[],"_links":{"self":[{"href":"https:\/\/mjfashion.es\/de\/wp-json\/wp\/v2\/product\/470"}],"collection":[{"href":"https:\/\/mjfashion.es\/de\/wp-json\/wp\/v2\/product"}],"about":[{"href":"https:\/\/mjfashion.es\/de\/wp-json\/wp\/v2\/types\/product"}],"replies":[{"embeddable":true,"href":"https:\/\/mjfashion.es\/de\/wp-json\/wp\/v2\/comments?post=470"}],"wp:featuredmedia":[{"embeddable":true,"href":"https:\/\/mjfashion.es\/de\/wp-json\/wp\/v2\/media\/473"}],"wp:attachment":[{"href":"https:\/\/mjfashion.es\/de\/wp-json\/wp\/v2\/media?parent=470"}],"curies":[{"name":"wp","href":"https:\/\/api.w.org\/{rel}","templated":true}]}}