{"id":481,"date":"2020-05-02T18:40:58","date_gmt":"2020-05-02T16:40:58","guid":{"rendered":"https:\/\/mjfashion.es\/?post_type=product&#038;p=481"},"modified":"2020-05-02T18:40:58","modified_gmt":"2020-05-02T16:40:58","slug":"floral-print-blouse","status":"publish","type":"product","link":"https:\/\/mjfashion.es\/de\/produkt\/floral-print-blouse\/","title":{"rendered":"Bluse mit Blumendruck"},"content":{"rendered":"<p>Farbe: Erh\u00e4ltlich in Wei\u00df und Hellbiskaya-Gr\u00fcn<br \/>\nGr\u00f6\u00dfe: Einheitsgr\u00f6\u00dfe<\/p>\n","protected":false},"excerpt":{"rendered":"<p>Bluse mit Blumendruck, rundem Ausschnitt und langen \u00c4rmeln mit Schultermanschette. Knopfverschluss hinten.<\/p>\n","protected":false},"featured_media":476,"comment_status":"open","ping_status":"closed","template":"","meta":[],"_links":{"self":[{"href":"https:\/\/mjfashion.es\/de\/wp-json\/wp\/v2\/product\/481"}],"collection":[{"href":"https:\/\/mjfashion.es\/de\/wp-json\/wp\/v2\/product"}],"about":[{"href":"https:\/\/mjfashion.es\/de\/wp-json\/wp\/v2\/types\/product"}],"replies":[{"embeddable":true,"href":"https:\/\/mjfashion.es\/de\/wp-json\/wp\/v2\/comments?post=481"}],"wp:featuredmedia":[{"embeddable":true,"href":"https:\/\/mjfashion.es\/de\/wp-json\/wp\/v2\/media\/476"}],"wp:attachment":[{"href":"https:\/\/mjfashion.es\/de\/wp-json\/wp\/v2\/media?parent=481"}],"curies":[{"name":"wp","href":"https:\/\/api.w.org\/{rel}","templated":true}]}}