{"id":486,"date":"2020-05-03T17:00:32","date_gmt":"2020-05-03T15:00:32","guid":{"rendered":"https:\/\/mjfashion.es\/?post_type=product&#038;p=486"},"modified":"2020-07-22T17:20:29","modified_gmt":"2020-07-22T15:20:29","slug":"floral-print-full-sleeves-blouse","status":"publish","type":"product","link":"https:\/\/mjfashion.es\/de\/produkt\/floral-print-full-sleeves-blouse\/","title":{"rendered":"Bluse mit Blumendruck und vollen \u00c4rmeln"},"content":{"rendered":"<p>Farben: Gr\u00fcn, Schwarz und Wei\u00df<br \/>\nGr\u00f6\u00dfe: Einheitsgr\u00f6\u00dfe<\/p>\n","protected":false},"excerpt":{"rendered":"<p>Bluse mit rundem Ausschnitt und langen \u00c4rmeln. Mit einem Kontraststoff am Ende der \u00c4rmel und der Taille gefesselt. Geschmokter Stretchstoff am hinteren Teil der Taillenmanschette. Knopfverschluss hinten.<\/p>\n","protected":false},"featured_media":491,"comment_status":"open","ping_status":"closed","template":"","meta":[],"_links":{"self":[{"href":"https:\/\/mjfashion.es\/de\/wp-json\/wp\/v2\/product\/486"}],"collection":[{"href":"https:\/\/mjfashion.es\/de\/wp-json\/wp\/v2\/product"}],"about":[{"href":"https:\/\/mjfashion.es\/de\/wp-json\/wp\/v2\/types\/product"}],"replies":[{"embeddable":true,"href":"https:\/\/mjfashion.es\/de\/wp-json\/wp\/v2\/comments?post=486"}],"wp:featuredmedia":[{"embeddable":true,"href":"https:\/\/mjfashion.es\/de\/wp-json\/wp\/v2\/media\/491"}],"wp:attachment":[{"href":"https:\/\/mjfashion.es\/de\/wp-json\/wp\/v2\/media?parent=486"}],"curies":[{"name":"wp","href":"https:\/\/api.w.org\/{rel}","templated":true}]}}