{"id":509,"date":"2020-05-05T00:42:15","date_gmt":"2020-05-04T22:42:15","guid":{"rendered":"https:\/\/mjfashion.es\/?post_type=product&#038;p=509"},"modified":"2020-05-05T00:42:15","modified_gmt":"2020-05-04T22:42:15","slug":"straight-neckline-texture-weaved-top","status":"publish","type":"product","link":"https:\/\/mjfashion.es\/de\/produkt\/straight-neckline-texture-weaved-top\/","title":{"rendered":"Gerade Ausschnitt Textur Webart Top"},"content":{"rendered":"<p>Farben: Erh\u00e4ltlich in Wei\u00df und Gr\u00fcn<br \/>\nGr\u00f6\u00dfe: Einheitsgr\u00f6\u00dfe<\/p>\n","protected":false},"excerpt":{"rendered":"<p>Gerade Bluse mit geradem Ausschnitt, langen \u00c4rmeln, breiten elastischen Manschetten und breiter elastischer Taille.<\/p>\n","protected":false},"featured_media":506,"comment_status":"open","ping_status":"closed","template":"","meta":[],"_links":{"self":[{"href":"https:\/\/mjfashion.es\/de\/wp-json\/wp\/v2\/product\/509"}],"collection":[{"href":"https:\/\/mjfashion.es\/de\/wp-json\/wp\/v2\/product"}],"about":[{"href":"https:\/\/mjfashion.es\/de\/wp-json\/wp\/v2\/types\/product"}],"replies":[{"embeddable":true,"href":"https:\/\/mjfashion.es\/de\/wp-json\/wp\/v2\/comments?post=509"}],"wp:featuredmedia":[{"embeddable":true,"href":"https:\/\/mjfashion.es\/de\/wp-json\/wp\/v2\/media\/506"}],"wp:attachment":[{"href":"https:\/\/mjfashion.es\/de\/wp-json\/wp\/v2\/media?parent=509"}],"curies":[{"name":"wp","href":"https:\/\/api.w.org\/{rel}","templated":true}]}}