{"id":521,"date":"2020-05-05T01:44:11","date_gmt":"2020-05-04T23:44:11","guid":{"rendered":"https:\/\/mjfashion.es\/?post_type=product&#038;p=521"},"modified":"2020-05-05T02:02:34","modified_gmt":"2020-05-05T00:02:34","slug":"printed-blouse-2","status":"publish","type":"product","link":"https:\/\/mjfashion.es\/de\/produkt\/printed-blouse-2\/","title":{"rendered":"Bedruckte Bluse"},"content":{"rendered":"<p>Farben: Erh\u00e4ltlich in Denim Blau, Gr\u00fcn, Schwarz und Rot<br \/>\nGr\u00f6\u00dfe: Einheitsgr\u00f6\u00dfe<\/p>\n","protected":false},"excerpt":{"rendered":"<p>Bedruckte Bluse mit rundem Ausschnitt, Bindedetail und langen \u00c4rmeln.<\/p>\n","protected":false},"featured_media":530,"comment_status":"open","ping_status":"closed","template":"","meta":[],"_links":{"self":[{"href":"https:\/\/mjfashion.es\/de\/wp-json\/wp\/v2\/product\/521"}],"collection":[{"href":"https:\/\/mjfashion.es\/de\/wp-json\/wp\/v2\/product"}],"about":[{"href":"https:\/\/mjfashion.es\/de\/wp-json\/wp\/v2\/types\/product"}],"replies":[{"embeddable":true,"href":"https:\/\/mjfashion.es\/de\/wp-json\/wp\/v2\/comments?post=521"}],"wp:featuredmedia":[{"embeddable":true,"href":"https:\/\/mjfashion.es\/de\/wp-json\/wp\/v2\/media\/530"}],"wp:attachment":[{"href":"https:\/\/mjfashion.es\/de\/wp-json\/wp\/v2\/media?parent=521"}],"curies":[{"name":"wp","href":"https:\/\/api.w.org\/{rel}","templated":true}]}}