{"id":576,"date":"2020-05-06T01:37:09","date_gmt":"2020-05-05T23:37:09","guid":{"rendered":"https:\/\/mjfashion.es\/?post_type=product&#038;p=576"},"modified":"2020-07-22T17:20:29","modified_gmt":"2020-07-22T15:20:29","slug":"shirt-with-ruffles","status":"publish","type":"product","link":"https:\/\/mjfashion.es\/de\/produkt\/shirt-with-ruffles\/","title":{"rendered":"Hemd mit R\u00fcschen"},"content":{"rendered":"<p>Farben: Erh\u00e4ltlich in Khaki, Schwarz und Hellrosa<br \/>\nGr\u00f6\u00dfe: S \/ M \/ L<\/p>\n","protected":false},"excerpt":{"rendered":"<p>Bedrucktes Hemd mit normalem Kragen, langen \u00c4rmeln mit B\u00fcndchen, Knopfverschluss vorne und gekr\u00e4uselten Verzierungen auf Brust und R\u00fccken. Ein supermodernes und einfach zu kombinierendes Modell. Ein Muss f\u00fcr die Saison.<\/p>\n","protected":false},"featured_media":577,"comment_status":"open","ping_status":"closed","template":"","meta":[],"_links":{"self":[{"href":"https:\/\/mjfashion.es\/de\/wp-json\/wp\/v2\/product\/576"}],"collection":[{"href":"https:\/\/mjfashion.es\/de\/wp-json\/wp\/v2\/product"}],"about":[{"href":"https:\/\/mjfashion.es\/de\/wp-json\/wp\/v2\/types\/product"}],"replies":[{"embeddable":true,"href":"https:\/\/mjfashion.es\/de\/wp-json\/wp\/v2\/comments?post=576"}],"wp:featuredmedia":[{"embeddable":true,"href":"https:\/\/mjfashion.es\/de\/wp-json\/wp\/v2\/media\/577"}],"wp:attachment":[{"href":"https:\/\/mjfashion.es\/de\/wp-json\/wp\/v2\/media?parent=576"}],"curies":[{"name":"wp","href":"https:\/\/api.w.org\/{rel}","templated":true}]}}