{"id":599,"date":"2020-05-06T02:18:02","date_gmt":"2020-05-06T00:18:02","guid":{"rendered":"https:\/\/mjfashion.es\/?post_type=product&#038;p=599"},"modified":"2020-06-28T21:39:36","modified_gmt":"2020-06-28T19:39:36","slug":"contrast-top","status":"publish","type":"product","link":"https:\/\/mjfashion.es\/de\/produkt\/contrast-top\/","title":{"rendered":"Kontrastoberteil"},"content":{"rendered":"<p>Farben: Schwarz<br \/>\nGr\u00f6\u00dfe: Einheitsgr\u00f6\u00dfe<\/p>\n","protected":false},"excerpt":{"rendered":"<p>Geripptes Baumwolltop mit Rundhalsausschnitt, langen \u00c4rmeln und geraffter Taille aus Kontraststoff.<\/p>\n","protected":false},"featured_media":598,"comment_status":"open","ping_status":"closed","template":"","meta":[],"_links":{"self":[{"href":"https:\/\/mjfashion.es\/de\/wp-json\/wp\/v2\/product\/599"}],"collection":[{"href":"https:\/\/mjfashion.es\/de\/wp-json\/wp\/v2\/product"}],"about":[{"href":"https:\/\/mjfashion.es\/de\/wp-json\/wp\/v2\/types\/product"}],"replies":[{"embeddable":true,"href":"https:\/\/mjfashion.es\/de\/wp-json\/wp\/v2\/comments?post=599"}],"wp:featuredmedia":[{"embeddable":true,"href":"https:\/\/mjfashion.es\/de\/wp-json\/wp\/v2\/media\/598"}],"wp:attachment":[{"href":"https:\/\/mjfashion.es\/de\/wp-json\/wp\/v2\/media?parent=599"}],"curies":[{"name":"wp","href":"https:\/\/api.w.org\/{rel}","templated":true}]}}