{"id":611,"date":"2020-05-06T23:31:35","date_gmt":"2020-05-06T21:31:35","guid":{"rendered":"https:\/\/mjfashion.es\/?post_type=product&#038;p=611"},"modified":"2020-06-22T18:10:25","modified_gmt":"2020-06-22T16:10:25","slug":"top-with-puff-shoulders","status":"publish","type":"product","link":"https:\/\/mjfashion.es\/de\/produkt\/top-with-puff-shoulders\/","title":{"rendered":"Top mit Puff-Schultern"},"content":{"rendered":"<p>Farbe: Wei\u00df<br \/>\nGr\u00f6\u00dfe: Einheitsgr\u00f6\u00dfe<\/p>\n","protected":false},"excerpt":{"rendered":"<p>Wei\u00dfes Oberteil mit rundem Ausschnitt, langen \u00c4rmeln und Puff-Schultern. Ein Knopfverschluss hinten.<\/p>\n","protected":false},"featured_media":609,"comment_status":"open","ping_status":"closed","template":"","meta":[],"_links":{"self":[{"href":"https:\/\/mjfashion.es\/de\/wp-json\/wp\/v2\/product\/611"}],"collection":[{"href":"https:\/\/mjfashion.es\/de\/wp-json\/wp\/v2\/product"}],"about":[{"href":"https:\/\/mjfashion.es\/de\/wp-json\/wp\/v2\/types\/product"}],"replies":[{"embeddable":true,"href":"https:\/\/mjfashion.es\/de\/wp-json\/wp\/v2\/comments?post=611"}],"wp:featuredmedia":[{"embeddable":true,"href":"https:\/\/mjfashion.es\/de\/wp-json\/wp\/v2\/media\/609"}],"wp:attachment":[{"href":"https:\/\/mjfashion.es\/de\/wp-json\/wp\/v2\/media?parent=611"}],"curies":[{"name":"wp","href":"https:\/\/api.w.org\/{rel}","templated":true}]}}