{"id":614,"date":"2020-05-06T23:39:57","date_gmt":"2020-05-06T21:39:57","guid":{"rendered":"https:\/\/mjfashion.es\/?post_type=product&#038;p=614"},"modified":"2020-05-06T23:39:57","modified_gmt":"2020-05-06T21:39:57","slug":"floral-print-blouse-in-white","status":"publish","type":"product","link":"https:\/\/mjfashion.es\/de\/produkt\/floral-print-blouse-in-white\/","title":{"rendered":"Bluse mit Blumendruck in Wei\u00df"},"content":{"rendered":"<p>Farbe: Wei\u00df<br \/>\nGr\u00f6\u00dfe: Einheitsgr\u00f6\u00dfe<\/p>\n","protected":false},"excerpt":{"rendered":"<p>Bluse mit Blumendruck und rundem R\u00fcschenausschnitt mit Bindedetail. Lange \u00c4rmel mit B\u00fcndchen.<\/p>\n","protected":false},"featured_media":612,"comment_status":"open","ping_status":"closed","template":"","meta":[],"_links":{"self":[{"href":"https:\/\/mjfashion.es\/de\/wp-json\/wp\/v2\/product\/614"}],"collection":[{"href":"https:\/\/mjfashion.es\/de\/wp-json\/wp\/v2\/product"}],"about":[{"href":"https:\/\/mjfashion.es\/de\/wp-json\/wp\/v2\/types\/product"}],"replies":[{"embeddable":true,"href":"https:\/\/mjfashion.es\/de\/wp-json\/wp\/v2\/comments?post=614"}],"wp:featuredmedia":[{"embeddable":true,"href":"https:\/\/mjfashion.es\/de\/wp-json\/wp\/v2\/media\/612"}],"wp:attachment":[{"href":"https:\/\/mjfashion.es\/de\/wp-json\/wp\/v2\/media?parent=614"}],"curies":[{"name":"wp","href":"https:\/\/api.w.org\/{rel}","templated":true}]}}