{"id":624,"date":"2020-05-07T00:16:11","date_gmt":"2020-05-06T22:16:11","guid":{"rendered":"https:\/\/mjfashion.es\/?post_type=product&#038;p=624"},"modified":"2020-05-07T00:16:11","modified_gmt":"2020-05-06T22:16:11","slug":"contrast-top-in-black","status":"publish","type":"product","link":"https:\/\/mjfashion.es\/de\/produkt\/contrast-top-in-black\/","title":{"rendered":"Kontrastoberteil in Schwarz"},"content":{"rendered":"<p>Farbe schwarz<br \/>\nGr\u00f6\u00dfe: Einheitsgr\u00f6\u00dfe<\/p>\n","protected":false},"excerpt":{"rendered":"<p>Top mit geradem Ausschnitt und kontrastierenden Puff\u00e4rmeln aus Spitze und Pailletten, die mit einem Gummiband unterhalb des Ellbogens enden.<\/p>\n","protected":false},"featured_media":623,"comment_status":"open","ping_status":"closed","template":"","meta":[],"_links":{"self":[{"href":"https:\/\/mjfashion.es\/de\/wp-json\/wp\/v2\/product\/624"}],"collection":[{"href":"https:\/\/mjfashion.es\/de\/wp-json\/wp\/v2\/product"}],"about":[{"href":"https:\/\/mjfashion.es\/de\/wp-json\/wp\/v2\/types\/product"}],"replies":[{"embeddable":true,"href":"https:\/\/mjfashion.es\/de\/wp-json\/wp\/v2\/comments?post=624"}],"wp:featuredmedia":[{"embeddable":true,"href":"https:\/\/mjfashion.es\/de\/wp-json\/wp\/v2\/media\/623"}],"wp:attachment":[{"href":"https:\/\/mjfashion.es\/de\/wp-json\/wp\/v2\/media?parent=624"}],"curies":[{"name":"wp","href":"https:\/\/api.w.org\/{rel}","templated":true}]}}