{"id":647,"date":"2020-05-08T00:07:17","date_gmt":"2020-05-07T22:07:17","guid":{"rendered":"https:\/\/mjfashion.es\/?post_type=product&#038;p=647"},"modified":"2020-07-03T00:06:43","modified_gmt":"2020-07-02T22:06:43","slug":"floral-print-pink-dress","status":"publish","type":"product","link":"https:\/\/mjfashion.es\/de\/produkt\/floral-print-pink-dress\/","title":{"rendered":"Rosa Kleid mit Blumendruck"},"content":{"rendered":"<p>Farbe: Pink<br \/>\nGr\u00f6\u00dfe: Einheitsgr\u00f6\u00dfe<\/p>\n","protected":false},"excerpt":{"rendered":"<p>Rosa Kleid mit Blumendruck, rundem Ausschnitt, gekn\u00f6pfter \u00d6ffnung hinten, elastischer Taille und langen \u00c4rmeln mit elastischen B\u00fcndchen. Einheitsgr\u00f6\u00dfe passt f\u00fcr Frauen der Gr\u00f6\u00dfen S, M und L (Gr\u00f6\u00dfen 36, 38, 40, 42).<\/p>\n","protected":false},"featured_media":648,"comment_status":"open","ping_status":"closed","template":"","meta":[],"_links":{"self":[{"href":"https:\/\/mjfashion.es\/de\/wp-json\/wp\/v2\/product\/647"}],"collection":[{"href":"https:\/\/mjfashion.es\/de\/wp-json\/wp\/v2\/product"}],"about":[{"href":"https:\/\/mjfashion.es\/de\/wp-json\/wp\/v2\/types\/product"}],"replies":[{"embeddable":true,"href":"https:\/\/mjfashion.es\/de\/wp-json\/wp\/v2\/comments?post=647"}],"wp:featuredmedia":[{"embeddable":true,"href":"https:\/\/mjfashion.es\/de\/wp-json\/wp\/v2\/media\/648"}],"wp:attachment":[{"href":"https:\/\/mjfashion.es\/de\/wp-json\/wp\/v2\/media?parent=647"}],"curies":[{"name":"wp","href":"https:\/\/api.w.org\/{rel}","templated":true}]}}