{"id":676,"date":"2020-05-09T16:30:33","date_gmt":"2020-05-09T14:30:33","guid":{"rendered":"https:\/\/mjfashion.es\/?post_type=product&#038;p=676"},"modified":"2020-08-08T09:28:45","modified_gmt":"2020-08-08T07:28:45","slug":"shepherds-plaid-wide-leg-trousers","status":"publish","type":"product","link":"https:\/\/mjfashion.es\/de\/produkt\/shepherds-plaid-wide-leg-trousers\/","title":{"rendered":"Shepherds karierte Hose mit weitem Bein"},"content":{"rendered":"<p>Farbe: Schwarz \/ Wei\u00df<br \/>\nGr\u00f6\u00dfe: Einheitsgr\u00f6\u00dfe<br \/>\nL\u00e4nge: 97 cm<\/p>\n","protected":false},"excerpt":{"rendered":"<p>Hose mit weitem Bund und weitem Bein und Bindeg\u00fcrtel aus Kunstleder. Seitentaschen in der Naht.<\/p>\n","protected":false},"featured_media":598,"comment_status":"open","ping_status":"closed","template":"","meta":[],"_links":{"self":[{"href":"https:\/\/mjfashion.es\/de\/wp-json\/wp\/v2\/product\/676"}],"collection":[{"href":"https:\/\/mjfashion.es\/de\/wp-json\/wp\/v2\/product"}],"about":[{"href":"https:\/\/mjfashion.es\/de\/wp-json\/wp\/v2\/types\/product"}],"replies":[{"embeddable":true,"href":"https:\/\/mjfashion.es\/de\/wp-json\/wp\/v2\/comments?post=676"}],"wp:featuredmedia":[{"embeddable":true,"href":"https:\/\/mjfashion.es\/de\/wp-json\/wp\/v2\/media\/598"}],"wp:attachment":[{"href":"https:\/\/mjfashion.es\/de\/wp-json\/wp\/v2\/media?parent=676"}],"curies":[{"name":"wp","href":"https:\/\/api.w.org\/{rel}","templated":true}]}}