{"id":679,"date":"2020-05-09T16:38:00","date_gmt":"2020-05-09T14:38:00","guid":{"rendered":"https:\/\/mjfashion.es\/?post_type=product&#038;p=679"},"modified":"2020-05-09T16:39:36","modified_gmt":"2020-05-09T14:39:36","slug":"geometric-pattern-wide-leg-trousers","status":"publish","type":"product","link":"https:\/\/mjfashion.es\/de\/produkt\/geometric-pattern-wide-leg-trousers\/","title":{"rendered":"Geometrisches Muster Hose mit weitem Bein"},"content":{"rendered":"<p>Farbe: Schwarz \/ Wei\u00df<br \/>\nGr\u00f6\u00dfe: Einheitsgr\u00f6\u00dfe<br \/>\nL\u00e4nge: 94 cm<\/p>\n","protected":false},"excerpt":{"rendered":"<p>Hose mit weitem Bund und weitem Bein und Bindeg\u00fcrtel aus Kunstleder. Seitentaschen in der Naht.<\/p>\n","protected":false},"featured_media":677,"comment_status":"open","ping_status":"closed","template":"","meta":[],"_links":{"self":[{"href":"https:\/\/mjfashion.es\/de\/wp-json\/wp\/v2\/product\/679"}],"collection":[{"href":"https:\/\/mjfashion.es\/de\/wp-json\/wp\/v2\/product"}],"about":[{"href":"https:\/\/mjfashion.es\/de\/wp-json\/wp\/v2\/types\/product"}],"replies":[{"embeddable":true,"href":"https:\/\/mjfashion.es\/de\/wp-json\/wp\/v2\/comments?post=679"}],"wp:featuredmedia":[{"embeddable":true,"href":"https:\/\/mjfashion.es\/de\/wp-json\/wp\/v2\/media\/677"}],"wp:attachment":[{"href":"https:\/\/mjfashion.es\/de\/wp-json\/wp\/v2\/media?parent=679"}],"curies":[{"name":"wp","href":"https:\/\/api.w.org\/{rel}","templated":true}]}}