{"id":681,"date":"2020-05-09T16:46:05","date_gmt":"2020-05-09T14:46:05","guid":{"rendered":"https:\/\/mjfashion.es\/?post_type=product&#038;p=681"},"modified":"2020-09-08T10:18:21","modified_gmt":"2020-09-08T08:18:21","slug":"flower-print-wide-leg-trousers","status":"publish","type":"product","link":"https:\/\/mjfashion.es\/de\/produkt\/flower-print-wide-leg-trousers\/","title":{"rendered":"Hose mit weitem Bein und Blumendruck"},"content":{"rendered":"<p>Farbe: Schwarz \/ Wei\u00df<br \/>\nGr\u00f6\u00dfe: Einheitsgr\u00f6\u00dfe<br \/>\nL\u00e4nge: 98 cm<\/p>\n","protected":false},"excerpt":{"rendered":"<p>Hose mit weitem Bund und weitem Bein und Bindeg\u00fcrtel aus Kunstleder. Seitentaschen in der Naht.<\/p>\n","protected":false},"featured_media":680,"comment_status":"open","ping_status":"closed","template":"","meta":[],"_links":{"self":[{"href":"https:\/\/mjfashion.es\/de\/wp-json\/wp\/v2\/product\/681"}],"collection":[{"href":"https:\/\/mjfashion.es\/de\/wp-json\/wp\/v2\/product"}],"about":[{"href":"https:\/\/mjfashion.es\/de\/wp-json\/wp\/v2\/types\/product"}],"replies":[{"embeddable":true,"href":"https:\/\/mjfashion.es\/de\/wp-json\/wp\/v2\/comments?post=681"}],"wp:featuredmedia":[{"embeddable":true,"href":"https:\/\/mjfashion.es\/de\/wp-json\/wp\/v2\/media\/680"}],"wp:attachment":[{"href":"https:\/\/mjfashion.es\/de\/wp-json\/wp\/v2\/media?parent=681"}],"curies":[{"name":"wp","href":"https:\/\/api.w.org\/{rel}","templated":true}]}}