{"id":683,"date":"2020-05-09T16:48:08","date_gmt":"2020-05-09T14:48:08","guid":{"rendered":"https:\/\/mjfashion.es\/?post_type=product&#038;p=683"},"modified":"2020-09-08T10:18:21","modified_gmt":"2020-09-08T08:18:21","slug":"polka-dot-trousers","status":"publish","type":"product","link":"https:\/\/mjfashion.es\/de\/produkt\/polka-dot-trousers\/","title":{"rendered":"Polka Dot Hose"},"content":{"rendered":"<p>Farbe: Schwarz \/ Wei\u00df<br \/>\nGr\u00f6\u00dfe: Einheitsgr\u00f6\u00dfe<br \/>\nL\u00e4nge: 83 cm<\/p>\n","protected":false},"excerpt":{"rendered":"<p>Polka Dot Hose mit weitem Bein, G\u00fcrtel und Schnalle aus demselben Stoff.<\/p>\n","protected":false},"featured_media":1680,"comment_status":"open","ping_status":"closed","template":"","meta":[],"_links":{"self":[{"href":"https:\/\/mjfashion.es\/de\/wp-json\/wp\/v2\/product\/683"}],"collection":[{"href":"https:\/\/mjfashion.es\/de\/wp-json\/wp\/v2\/product"}],"about":[{"href":"https:\/\/mjfashion.es\/de\/wp-json\/wp\/v2\/types\/product"}],"replies":[{"embeddable":true,"href":"https:\/\/mjfashion.es\/de\/wp-json\/wp\/v2\/comments?post=683"}],"wp:featuredmedia":[{"embeddable":true,"href":"https:\/\/mjfashion.es\/de\/wp-json\/wp\/v2\/media\/1680"}],"wp:attachment":[{"href":"https:\/\/mjfashion.es\/de\/wp-json\/wp\/v2\/media?parent=683"}],"curies":[{"name":"wp","href":"https:\/\/api.w.org\/{rel}","templated":true}]}}