{"id":701,"date":"2020-05-10T00:59:32","date_gmt":"2020-05-09T22:59:32","guid":{"rendered":"https:\/\/mjfashion.es\/?post_type=product&#038;p=701"},"modified":"2020-05-17T14:28:43","modified_gmt":"2020-05-17T12:28:43","slug":"ribbed-top","status":"publish","type":"product","link":"https:\/\/mjfashion.es\/de\/produkt\/ribbed-top\/","title":{"rendered":"Geripptes Oberteil"},"content":{"rendered":"<p>Farben: Erh\u00e4ltlich in Denim Blau, Wei\u00df und Schwarz<br \/>\nGr\u00f6\u00dfe: Einheitsgr\u00f6\u00dfe<\/p>\n","protected":false},"excerpt":{"rendered":"<p>\u00c4rmelloses Oberteil mit r\u00fcschenhohem Hals.<\/p>\n","protected":false},"featured_media":710,"comment_status":"open","ping_status":"closed","template":"","meta":[],"_links":{"self":[{"href":"https:\/\/mjfashion.es\/de\/wp-json\/wp\/v2\/product\/701"}],"collection":[{"href":"https:\/\/mjfashion.es\/de\/wp-json\/wp\/v2\/product"}],"about":[{"href":"https:\/\/mjfashion.es\/de\/wp-json\/wp\/v2\/types\/product"}],"replies":[{"embeddable":true,"href":"https:\/\/mjfashion.es\/de\/wp-json\/wp\/v2\/comments?post=701"}],"wp:featuredmedia":[{"embeddable":true,"href":"https:\/\/mjfashion.es\/de\/wp-json\/wp\/v2\/media\/710"}],"wp:attachment":[{"href":"https:\/\/mjfashion.es\/de\/wp-json\/wp\/v2\/media?parent=701"}],"curies":[{"name":"wp","href":"https:\/\/api.w.org\/{rel}","templated":true}]}}