{"id":707,"date":"2020-05-10T15:43:24","date_gmt":"2020-05-10T13:43:24","guid":{"rendered":"https:\/\/mjfashion.es\/?post_type=product&#038;p=707"},"modified":"2020-05-10T16:50:27","modified_gmt":"2020-05-10T14:50:27","slug":"puff-sleeves-ribbed-top","status":"publish","type":"product","link":"https:\/\/mjfashion.es\/de\/produkt\/puff-sleeves-ribbed-top\/","title":{"rendered":"Puff\u00e4rmel geripptes Oberteil"},"content":{"rendered":"<p>Farben: Erh\u00e4ltlich in Nilgr\u00fcn, Wei\u00df und Schwarz<br \/>\nGr\u00f6\u00dfe: Einheitsgr\u00f6\u00dfe<\/p>\n","protected":false},"excerpt":{"rendered":"<p>Geripptes Oberteil mit offenem Rundhalsausschnitt und kurzen Puff\u00e4rmeln.<\/p>\n","protected":false},"featured_media":713,"comment_status":"open","ping_status":"closed","template":"","meta":[],"_links":{"self":[{"href":"https:\/\/mjfashion.es\/de\/wp-json\/wp\/v2\/product\/707"}],"collection":[{"href":"https:\/\/mjfashion.es\/de\/wp-json\/wp\/v2\/product"}],"about":[{"href":"https:\/\/mjfashion.es\/de\/wp-json\/wp\/v2\/types\/product"}],"replies":[{"embeddable":true,"href":"https:\/\/mjfashion.es\/de\/wp-json\/wp\/v2\/comments?post=707"}],"wp:featuredmedia":[{"embeddable":true,"href":"https:\/\/mjfashion.es\/de\/wp-json\/wp\/v2\/media\/713"}],"wp:attachment":[{"href":"https:\/\/mjfashion.es\/de\/wp-json\/wp\/v2\/media?parent=707"}],"curies":[{"name":"wp","href":"https:\/\/api.w.org\/{rel}","templated":true}]}}