{"id":733,"date":"2020-05-10T18:15:09","date_gmt":"2020-05-10T16:15:09","guid":{"rendered":"https:\/\/mjfashion.es\/?post_type=product&#038;p=733"},"modified":"2020-08-01T16:55:32","modified_gmt":"2020-08-01T14:55:32","slug":"polka-dot-midi-skirt","status":"publish","type":"product","link":"https:\/\/mjfashion.es\/de\/produkt\/polka-dot-midi-skirt\/","title":{"rendered":"Polka Dot Midirock"},"content":{"rendered":"<p>Farbe: Schwarz \/ Wei\u00df<br \/>\nGr\u00f6\u00dfe: Einheitsgr\u00f6\u00dfe<br \/>\nVorderl\u00e4nge: 75cm<br \/>\nR\u00fcckenl\u00e4nge: 85cm<\/p>\n","protected":false},"excerpt":{"rendered":"<p>Asymmetrischer A-Line Midi-Rock mit Tupfen und elastischem Bund am hinteren Teil.<\/p>\n","protected":false},"featured_media":732,"comment_status":"open","ping_status":"closed","template":"","meta":[],"_links":{"self":[{"href":"https:\/\/mjfashion.es\/de\/wp-json\/wp\/v2\/product\/733"}],"collection":[{"href":"https:\/\/mjfashion.es\/de\/wp-json\/wp\/v2\/product"}],"about":[{"href":"https:\/\/mjfashion.es\/de\/wp-json\/wp\/v2\/types\/product"}],"replies":[{"embeddable":true,"href":"https:\/\/mjfashion.es\/de\/wp-json\/wp\/v2\/comments?post=733"}],"wp:featuredmedia":[{"embeddable":true,"href":"https:\/\/mjfashion.es\/de\/wp-json\/wp\/v2\/media\/732"}],"wp:attachment":[{"href":"https:\/\/mjfashion.es\/de\/wp-json\/wp\/v2\/media?parent=733"}],"curies":[{"name":"wp","href":"https:\/\/api.w.org\/{rel}","templated":true}]}}