{"id":737,"date":"2020-05-10T18:49:18","date_gmt":"2020-05-10T16:49:18","guid":{"rendered":"https:\/\/mjfashion.es\/?post_type=product&#038;p=737"},"modified":"2020-07-18T15:42:40","modified_gmt":"2020-07-18T13:42:40","slug":"asymmetric-floral-print-skirt","status":"publish","type":"product","link":"https:\/\/mjfashion.es\/de\/produkt\/asymmetric-floral-print-skirt\/","title":{"rendered":"Asymmetrischer Rock mit Blumendruck"},"content":{"rendered":"<p>Farben: Schwarz<br \/>\nGr\u00f6\u00dfe: S \/ M \/ L<\/p>\n","protected":false},"excerpt":{"rendered":"<p>Asymmetrischer Midirock mit hoher Taille, kombiniertem Bund, seitlichem Rei\u00dfverschluss und dekorativen Kn\u00f6pfen aus demselben Stoff \u00fcber der linken Seite. Frontseitige \u00d6ffnung am Saum.<\/p>\n","protected":false},"featured_media":734,"comment_status":"open","ping_status":"closed","template":"","meta":[],"_links":{"self":[{"href":"https:\/\/mjfashion.es\/de\/wp-json\/wp\/v2\/product\/737"}],"collection":[{"href":"https:\/\/mjfashion.es\/de\/wp-json\/wp\/v2\/product"}],"about":[{"href":"https:\/\/mjfashion.es\/de\/wp-json\/wp\/v2\/types\/product"}],"replies":[{"embeddable":true,"href":"https:\/\/mjfashion.es\/de\/wp-json\/wp\/v2\/comments?post=737"}],"wp:featuredmedia":[{"embeddable":true,"href":"https:\/\/mjfashion.es\/de\/wp-json\/wp\/v2\/media\/734"}],"wp:attachment":[{"href":"https:\/\/mjfashion.es\/de\/wp-json\/wp\/v2\/media?parent=737"}],"curies":[{"name":"wp","href":"https:\/\/api.w.org\/{rel}","templated":true}]}}