{"id":746,"date":"2020-05-11T16:40:30","date_gmt":"2020-05-11T14:40:30","guid":{"rendered":"https:\/\/mjfashion.es\/?post_type=product&#038;p=746"},"modified":"2020-06-28T14:45:24","modified_gmt":"2020-06-28T12:45:24","slug":"trenchcoat-dress","status":"publish","type":"product","link":"https:\/\/mjfashion.es\/de\/produkt\/trenchcoat-dress\/","title":{"rendered":"Trenchcoat Kleid"},"content":{"rendered":"<p>Farben: Erh\u00e4ltlich in Khaki und Beige<br \/>\nGr\u00f6\u00dfe: S \/ M \/ L<\/p>\n","protected":false},"excerpt":{"rendered":"<p>Trenchcoat-Kleid mit Reverskragen und Ballon\u00e4rmeln, die unter den Ellbogen fallen. Seitentaschen. G\u00fcrtel aus dem gleichen Stoff. Doppelknopfverschluss. Versteckter Knopf an den \u00c4rmeln. Das Modell kann sowohl als Kleid als auch als Mantel verwendet werden.<\/p>\n","protected":false},"featured_media":749,"comment_status":"open","ping_status":"closed","template":"","meta":[],"_links":{"self":[{"href":"https:\/\/mjfashion.es\/de\/wp-json\/wp\/v2\/product\/746"}],"collection":[{"href":"https:\/\/mjfashion.es\/de\/wp-json\/wp\/v2\/product"}],"about":[{"href":"https:\/\/mjfashion.es\/de\/wp-json\/wp\/v2\/types\/product"}],"replies":[{"embeddable":true,"href":"https:\/\/mjfashion.es\/de\/wp-json\/wp\/v2\/comments?post=746"}],"wp:featuredmedia":[{"embeddable":true,"href":"https:\/\/mjfashion.es\/de\/wp-json\/wp\/v2\/media\/749"}],"wp:attachment":[{"href":"https:\/\/mjfashion.es\/de\/wp-json\/wp\/v2\/media?parent=746"}],"curies":[{"name":"wp","href":"https:\/\/api.w.org\/{rel}","templated":true}]}}