{"id":763,"date":"2020-05-12T00:57:39","date_gmt":"2020-05-11T22:57:39","guid":{"rendered":"https:\/\/mjfashion.es\/?post_type=product&#038;p=763"},"modified":"2020-07-22T17:20:29","modified_gmt":"2020-07-22T15:20:29","slug":"jeans-dress","status":"publish","type":"product","link":"https:\/\/mjfashion.es\/de\/produkt\/jeans-dress\/","title":{"rendered":"Jeans Kleid"},"content":{"rendered":"<p>Farbe: Blau<br \/>\nGr\u00f6\u00dfe: S \/ M \/ L<\/p>\n","protected":false},"excerpt":{"rendered":"<p>Kurzes Jeanskleid mit rundem Ausschnitt und geschmoktem Stretchstoff. Lange \u00c4rmel mit breiten elastischen B\u00fcndchen und gekr\u00e4uselten Borten an den Schultern.<\/p>\n","protected":false},"featured_media":772,"comment_status":"open","ping_status":"closed","template":"","meta":[],"_links":{"self":[{"href":"https:\/\/mjfashion.es\/de\/wp-json\/wp\/v2\/product\/763"}],"collection":[{"href":"https:\/\/mjfashion.es\/de\/wp-json\/wp\/v2\/product"}],"about":[{"href":"https:\/\/mjfashion.es\/de\/wp-json\/wp\/v2\/types\/product"}],"replies":[{"embeddable":true,"href":"https:\/\/mjfashion.es\/de\/wp-json\/wp\/v2\/comments?post=763"}],"wp:featuredmedia":[{"embeddable":true,"href":"https:\/\/mjfashion.es\/de\/wp-json\/wp\/v2\/media\/772"}],"wp:attachment":[{"href":"https:\/\/mjfashion.es\/de\/wp-json\/wp\/v2\/media?parent=763"}],"curies":[{"name":"wp","href":"https:\/\/api.w.org\/{rel}","templated":true}]}}