{"id":771,"date":"2020-05-12T01:26:07","date_gmt":"2020-05-11T23:26:07","guid":{"rendered":"https:\/\/mjfashion.es\/?post_type=product&#038;p=771"},"modified":"2020-07-15T15:13:02","modified_gmt":"2020-07-15T13:13:02","slug":"contrast-pattern-shirt","status":"publish","type":"product","link":"https:\/\/mjfashion.es\/de\/produkt\/contrast-pattern-shirt\/","title":{"rendered":"Kontrastmuster Shirt"},"content":{"rendered":"<p>Farbe: Wei\u00df<br \/>\nGr\u00f6\u00dfe: Einheitsgr\u00f6\u00dfe<\/p>\n","protected":false},"excerpt":{"rendered":"<p>\u00dcbergro\u00dfes Hemd mit Kontrastmuster. Normaler Kragen mit Knopfverschluss vorne. Lange \u00c4rmel mit B\u00fcndchen. Kragen, \u00c4rmel und Taschen in einem anderen vertikal gestreiften Stempel.<\/p>\n","protected":false},"featured_media":774,"comment_status":"open","ping_status":"closed","template":"","meta":[],"_links":{"self":[{"href":"https:\/\/mjfashion.es\/de\/wp-json\/wp\/v2\/product\/771"}],"collection":[{"href":"https:\/\/mjfashion.es\/de\/wp-json\/wp\/v2\/product"}],"about":[{"href":"https:\/\/mjfashion.es\/de\/wp-json\/wp\/v2\/types\/product"}],"replies":[{"embeddable":true,"href":"https:\/\/mjfashion.es\/de\/wp-json\/wp\/v2\/comments?post=771"}],"wp:featuredmedia":[{"embeddable":true,"href":"https:\/\/mjfashion.es\/de\/wp-json\/wp\/v2\/media\/774"}],"wp:attachment":[{"href":"https:\/\/mjfashion.es\/de\/wp-json\/wp\/v2\/media?parent=771"}],"curies":[{"name":"wp","href":"https:\/\/api.w.org\/{rel}","templated":true}]}}