{"id":776,"date":"2020-05-12T01:49:40","date_gmt":"2020-05-11T23:49:40","guid":{"rendered":"https:\/\/mjfashion.es\/?post_type=product&#038;p=776"},"modified":"2020-07-25T16:03:45","modified_gmt":"2020-07-25T14:03:45","slug":"animal-print-long-dress","status":"publish","type":"product","link":"https:\/\/mjfashion.es\/de\/produkt\/animal-print-long-dress\/","title":{"rendered":"Animal Print Langes Kleid"},"content":{"rendered":"<p>Farbe: Schwarz \/ Wei\u00df<br \/>\nGr\u00f6\u00dfe: S \/ M \/ L<br \/>\nL\u00e4nge: 130 cm<\/p>\n","protected":false},"excerpt":{"rendered":"<p>Langes Kleid mit Animal-Print, V-Ausschnitt und kurzen Puff\u00e4rmeln mit elastischen B\u00fcndchen. Wickel-Effekt mit Zierkn\u00f6pfen vorn. Unsichtbarer seitlicher Rei\u00dfverschluss. Schlitz\u00f6ffnung vorn.<\/p>\n","protected":false},"featured_media":780,"comment_status":"open","ping_status":"closed","template":"","meta":[],"_links":{"self":[{"href":"https:\/\/mjfashion.es\/de\/wp-json\/wp\/v2\/product\/776"}],"collection":[{"href":"https:\/\/mjfashion.es\/de\/wp-json\/wp\/v2\/product"}],"about":[{"href":"https:\/\/mjfashion.es\/de\/wp-json\/wp\/v2\/types\/product"}],"replies":[{"embeddable":true,"href":"https:\/\/mjfashion.es\/de\/wp-json\/wp\/v2\/comments?post=776"}],"wp:featuredmedia":[{"embeddable":true,"href":"https:\/\/mjfashion.es\/de\/wp-json\/wp\/v2\/media\/780"}],"wp:attachment":[{"href":"https:\/\/mjfashion.es\/de\/wp-json\/wp\/v2\/media?parent=776"}],"curies":[{"name":"wp","href":"https:\/\/api.w.org\/{rel}","templated":true}]}}