{"id":804,"date":"2020-05-12T20:29:28","date_gmt":"2020-05-12T18:29:28","guid":{"rendered":"https:\/\/mjfashion.es\/?post_type=product&#038;p=804"},"modified":"2020-08-01T16:55:32","modified_gmt":"2020-08-01T14:55:32","slug":"art-print-long-dress","status":"publish","type":"product","link":"https:\/\/mjfashion.es\/de\/produkt\/art-print-long-dress\/","title":{"rendered":"Kunstdruck Langes Kleid"},"content":{"rendered":"<p>Farbe: Schnittlauchgr\u00fcn<br \/>\nGr\u00f6\u00dfe: Einheitsgr\u00f6\u00dfe<\/p>\n","protected":false},"excerpt":{"rendered":"<p>Langes Kleid mit Kunstdruck, das Schnittlauchgr\u00fcn, T\u00fcrkis, Bl\u00fctenrosa, Schwarz und Wei\u00df kombiniert. Crossover-V-Ausschnitt und lange \u00c4rmel mit B\u00fcndchen. Taille mit einem Bindeg\u00fcrtel aus dem gleichen Stoff. Die Kombination zwischen dem urspr\u00fcnglichen Kunstmuster und den modernen Farben macht das Modell einzigartig und modisch.<\/p>\n","protected":false},"featured_media":803,"comment_status":"open","ping_status":"closed","template":"","meta":[],"_links":{"self":[{"href":"https:\/\/mjfashion.es\/de\/wp-json\/wp\/v2\/product\/804"}],"collection":[{"href":"https:\/\/mjfashion.es\/de\/wp-json\/wp\/v2\/product"}],"about":[{"href":"https:\/\/mjfashion.es\/de\/wp-json\/wp\/v2\/types\/product"}],"replies":[{"embeddable":true,"href":"https:\/\/mjfashion.es\/de\/wp-json\/wp\/v2\/comments?post=804"}],"wp:featuredmedia":[{"embeddable":true,"href":"https:\/\/mjfashion.es\/de\/wp-json\/wp\/v2\/media\/803"}],"wp:attachment":[{"href":"https:\/\/mjfashion.es\/de\/wp-json\/wp\/v2\/media?parent=804"}],"curies":[{"name":"wp","href":"https:\/\/api.w.org\/{rel}","templated":true}]}}