{"id":806,"date":"2020-05-13T01:01:44","date_gmt":"2020-05-12T23:01:44","guid":{"rendered":"https:\/\/mjfashion.es\/?post_type=product&#038;p=806"},"modified":"2020-07-22T17:20:29","modified_gmt":"2020-07-22T15:20:29","slug":"loose-fit-animal-print-dress","status":"publish","type":"product","link":"https:\/\/mjfashion.es\/de\/produkt\/loose-fit-animal-print-dress\/","title":{"rendered":"Locker geschnittenes Kleid mit Animal-Print"},"content":{"rendered":"<p>Farben: Erh\u00e4ltlich in Cham\u00e4leonwei\u00df und T\u00fcrkis<br \/>\nGr\u00f6\u00dfe: Einheitsgr\u00f6\u00dfe<br \/>\nEmpfohlene Handw\u00e4sche mit kaltem Wasser.<\/p>\n","protected":false},"excerpt":{"rendered":"<p>Kleid mit hohem R\u00fcschenkragen und Bindedetail. Midi-\u00c4rmel. R\u00fcschenbesatz.<\/p>\n","protected":false},"featured_media":811,"comment_status":"open","ping_status":"closed","template":"","meta":[],"_links":{"self":[{"href":"https:\/\/mjfashion.es\/de\/wp-json\/wp\/v2\/product\/806"}],"collection":[{"href":"https:\/\/mjfashion.es\/de\/wp-json\/wp\/v2\/product"}],"about":[{"href":"https:\/\/mjfashion.es\/de\/wp-json\/wp\/v2\/types\/product"}],"replies":[{"embeddable":true,"href":"https:\/\/mjfashion.es\/de\/wp-json\/wp\/v2\/comments?post=806"}],"wp:featuredmedia":[{"embeddable":true,"href":"https:\/\/mjfashion.es\/de\/wp-json\/wp\/v2\/media\/811"}],"wp:attachment":[{"href":"https:\/\/mjfashion.es\/de\/wp-json\/wp\/v2\/media?parent=806"}],"curies":[{"name":"wp","href":"https:\/\/api.w.org\/{rel}","templated":true}]}}