{"id":820,"date":"2020-05-13T14:44:26","date_gmt":"2020-05-13T12:44:26","guid":{"rendered":"https:\/\/mjfashion.es\/?post_type=product&#038;p=820"},"modified":"2020-07-29T23:27:50","modified_gmt":"2020-07-29T21:27:50","slug":"oversize-asymmetric-shirt","status":"publish","type":"product","link":"https:\/\/mjfashion.es\/de\/produkt\/oversize-asymmetric-shirt\/","title":{"rendered":"\u00dcbergro\u00dfes asymmetrisches Hemd"},"content":{"rendered":"<p>Farben: Erh\u00e4ltlich in Blau, Gr\u00fcn und Wei\u00df<br \/>\nGr\u00f6\u00dfe: Einheitsgr\u00f6\u00dfe<\/p>\n","protected":false},"excerpt":{"rendered":"<p>\u00dcbergro\u00dfes asymmetrisches Hemd mit hohem runden Kragen und Knopfverschluss vorne. \u00c4rmel fallen unter den Ellbogen.<\/p>\n","protected":false},"featured_media":818,"comment_status":"open","ping_status":"closed","template":"","meta":[],"_links":{"self":[{"href":"https:\/\/mjfashion.es\/de\/wp-json\/wp\/v2\/product\/820"}],"collection":[{"href":"https:\/\/mjfashion.es\/de\/wp-json\/wp\/v2\/product"}],"about":[{"href":"https:\/\/mjfashion.es\/de\/wp-json\/wp\/v2\/types\/product"}],"replies":[{"embeddable":true,"href":"https:\/\/mjfashion.es\/de\/wp-json\/wp\/v2\/comments?post=820"}],"wp:featuredmedia":[{"embeddable":true,"href":"https:\/\/mjfashion.es\/de\/wp-json\/wp\/v2\/media\/818"}],"wp:attachment":[{"href":"https:\/\/mjfashion.es\/de\/wp-json\/wp\/v2\/media?parent=820"}],"curies":[{"name":"wp","href":"https:\/\/api.w.org\/{rel}","templated":true}]}}