{"id":825,"date":"2020-05-14T17:43:12","date_gmt":"2020-05-14T15:43:12","guid":{"rendered":"https:\/\/mjfashion.es\/?post_type=product&#038;p=825"},"modified":"2020-08-12T21:33:37","modified_gmt":"2020-08-12T19:33:37","slug":"loose-fit-blouse","status":"publish","type":"product","link":"https:\/\/mjfashion.es\/de\/produkt\/loose-fit-blouse\/","title":{"rendered":"Locker geschnittene Bluse"},"content":{"rendered":"<p>Farben: Erh\u00e4ltlich in Wei\u00df und Gr\u00fcn<br \/>\nGr\u00f6\u00dfe: Einheitsgr\u00f6\u00dfe<\/p>\n","protected":false},"excerpt":{"rendered":"<p>\u00dcbergro\u00dfe Bluse mit Schlitzkragen und gefallenen langen Schulter\u00e4rmeln. Sehr angenehm zu tragen.<\/p>\n","protected":false},"featured_media":826,"comment_status":"open","ping_status":"closed","template":"","meta":[],"_links":{"self":[{"href":"https:\/\/mjfashion.es\/de\/wp-json\/wp\/v2\/product\/825"}],"collection":[{"href":"https:\/\/mjfashion.es\/de\/wp-json\/wp\/v2\/product"}],"about":[{"href":"https:\/\/mjfashion.es\/de\/wp-json\/wp\/v2\/types\/product"}],"replies":[{"embeddable":true,"href":"https:\/\/mjfashion.es\/de\/wp-json\/wp\/v2\/comments?post=825"}],"wp:featuredmedia":[{"embeddable":true,"href":"https:\/\/mjfashion.es\/de\/wp-json\/wp\/v2\/media\/826"}],"wp:attachment":[{"href":"https:\/\/mjfashion.es\/de\/wp-json\/wp\/v2\/media?parent=825"}],"curies":[{"name":"wp","href":"https:\/\/api.w.org\/{rel}","templated":true}]}}