{"id":840,"date":"2020-05-14T20:43:02","date_gmt":"2020-05-14T18:43:02","guid":{"rendered":"https:\/\/mjfashion.es\/?post_type=product&#038;p=840"},"modified":"2020-08-01T16:55:34","modified_gmt":"2020-08-01T14:55:34","slug":"loose-fit-long-dress-2","status":"publish","type":"product","link":"https:\/\/mjfashion.es\/de\/produkt\/loose-fit-long-dress-2\/","title":{"rendered":"Locker geschnittenes langes Kleid"},"content":{"rendered":"<p>Farben: Erh\u00e4ltlich in Beige, Schwarz, Khaki und Blau<br \/>\nGr\u00f6\u00dfe: Einheitsgr\u00f6\u00dfe<\/p>\n","protected":false},"excerpt":{"rendered":"<p>Locker geschnittenes Kleid mit V-Ausschnitt und verstellbaren \u00c4rmeln. R\u00fcschenbesatz. Es ist leicht mit Zubeh\u00f6r zu kombinieren. Und neben dem coolen Look ist das Kleid sehr bequem und angenehm zu tragen.<\/p>\n","protected":false},"featured_media":836,"comment_status":"open","ping_status":"closed","template":"","meta":[],"_links":{"self":[{"href":"https:\/\/mjfashion.es\/de\/wp-json\/wp\/v2\/product\/840"}],"collection":[{"href":"https:\/\/mjfashion.es\/de\/wp-json\/wp\/v2\/product"}],"about":[{"href":"https:\/\/mjfashion.es\/de\/wp-json\/wp\/v2\/types\/product"}],"replies":[{"embeddable":true,"href":"https:\/\/mjfashion.es\/de\/wp-json\/wp\/v2\/comments?post=840"}],"wp:featuredmedia":[{"embeddable":true,"href":"https:\/\/mjfashion.es\/de\/wp-json\/wp\/v2\/media\/836"}],"wp:attachment":[{"href":"https:\/\/mjfashion.es\/de\/wp-json\/wp\/v2\/media?parent=840"}],"curies":[{"name":"wp","href":"https:\/\/api.w.org\/{rel}","templated":true}]}}